{"id":2052,"date":"2021-11-27T19:24:46","date_gmt":"2021-11-27T19:24:46","guid":{"rendered":"http:\/\/localhost\/wordpress\/?page_id=2052"},"modified":"2026-03-10T14:06:24","modified_gmt":"2026-03-10T14:06:24","slug":"proizvodi","status":"publish","type":"page","link":"https:\/\/sitform.rs\/en\/proizvodi\/","title":{"rendered":"Products"},"content":{"rendered":"<div data-elementor-type=\"wp-page\" data-elementor-id=\"2052\" class=\"elementor elementor-2052\" data-elementor-settings=\"{&quot;ha_cmc_init_switcher&quot;:&quot;no&quot;}\">\n\t\t\t\t\t\t<section class=\"elementor-section elementor-top-section elementor-element elementor-element-541c557 elementor-section-height-min-height elementor-section-boxed elementor-section-height-default elementor-section-items-middle\" data-id=\"541c557\" data-element_type=\"section\" data-e-type=\"section\" data-settings=\"{&quot;background_background&quot;:&quot;classic&quot;,&quot;_ha_eqh_enable&quot;:false}\">\n\t\t\t\t\t\t\t<div class=\"elementor-background-overlay\"><\/div>\n\t\t\t\t\t\t\t<div class=\"elementor-container elementor-column-gap-default\">\n\t\t\t\t\t<div class=\"elementor-column elementor-col-100 elementor-top-column elementor-element elementor-element-f852804\" data-id=\"f852804\" data-element_type=\"column\" data-e-type=\"column\">\n\t\t\t<div class=\"elementor-widget-wrap elementor-element-populated\">\n\t\t\t\t\t\t<div class=\"elementor-element elementor-element-016baf5 elementor-widget elementor-widget-heading\" data-id=\"016baf5\" data-element_type=\"widget\" data-e-type=\"widget\" data-widget_type=\"heading.default\">\n\t\t\t\t<div class=\"elementor-widget-container\">\n\t\t\t\t\t<h1 class=\"elementor-heading-title elementor-size-default\">PRODUCTS<\/h1>\t\t\t\t<\/div>\n\t\t\t\t<\/div>\n\t\t\t\t<div class=\"elementor-element elementor-element-f557081 elementor-widget elementor-widget-text-editor\" data-id=\"f557081\" data-element_type=\"widget\" data-e-type=\"widget\" data-widget_type=\"text-editor.default\">\n\t\t\t\t<div class=\"elementor-widget-container\">\n\t\t\t\t\t\t\t\t\t<p>SitForm prozvodi nude asortiman visoko kvalitetnog name\u0161taja koji mo\u017ee opremiti svaki tip prostora i zadovoljiti sve potrebe.<\/p>\t\t\t\t\t\t\t\t<\/div>\n\t\t\t\t<\/div>\n\t\t\t\t\t<\/div>\n\t\t<\/div>\n\t\t\t\t\t<\/div>\n\t\t<\/section>\n\t\t\t\t<section class=\"elementor-section elementor-top-section elementor-element elementor-element-6918a184 elementor-section-full_width elementor-section-height-min-height elementor-section-height-default elementor-section-items-middle\" data-id=\"6918a184\" data-element_type=\"section\" data-e-type=\"section\" data-settings=\"{&quot;_ha_eqh_enable&quot;:false}\">\n\t\t\t\t\t\t<div class=\"elementor-container elementor-column-gap-no\">\n\t\t\t\t\t<div class=\"elementor-column elementor-col-25 elementor-top-column elementor-element elementor-element-6e3e6562\" data-id=\"6e3e6562\" data-element_type=\"column\" data-e-type=\"column\" data-settings=\"{&quot;background_background&quot;:&quot;classic&quot;,&quot;animation&quot;:&quot;none&quot;}\">\n\t\t\t<div class=\"elementor-widget-wrap elementor-element-populated\">\n\t\t\t\t\t<div class=\"elementor-background-overlay\"><\/div>\n\t\t\t\t\t\t<div data-ha-element-link=\"{&quot;url&quot;:&quot;https:\\\/\\\/sitform.rs\\\/stolice\\\/&quot;,&quot;is_external&quot;:&quot;&quot;,&quot;nofollow&quot;:&quot;&quot;}\" style=\"cursor: pointer\" class=\"elementor-element elementor-element-48a17c0f elementor-widget elementor-widget-premium-addon-banner\" data-id=\"48a17c0f\" data-element_type=\"widget\" data-e-type=\"widget\" data-widget_type=\"premium-addon-banner.default\">\n\t\t\t\t<div class=\"elementor-widget-container\">\n\t\t\t\t\t\t\t<div class=\"premium-banner-ib premium-banner-min-height premium-banner-animation1 zoomin active premium-banner__effect-type2\">\n\t\t\t\t\t\t\t\t\t\t<img fetchpriority=\"high\" decoding=\"async\" width=\"671\" height=\"598\" src=\"https:\/\/sitform.rs\/wp-content\/uploads\/2021\/11\/stolica.png\" class=\"attachment-full size-full wp-image-728\" alt=\"Stolice | SitForm kolekcija stolica\" srcset=\"https:\/\/sitform.rs\/wp-content\/uploads\/2021\/11\/stolica.png 671w, https:\/\/sitform.rs\/wp-content\/uploads\/2021\/11\/stolica-300x267.png 300w, https:\/\/sitform.rs\/wp-content\/uploads\/2021\/11\/stolica-230x205.png 230w, https:\/\/sitform.rs\/wp-content\/uploads\/2021\/11\/stolica-350x312.png 350w, https:\/\/sitform.rs\/wp-content\/uploads\/2021\/11\/stolica-480x428.png 480w\" sizes=\"(max-width: 671px) 100vw, 671px\" \/>\t\t\t\t\t\t\t\t\t<div class=\"premium-banner-ib-desc\">\n\t\t\t\t\n\t\t\t\t\t\t\t\t\t<h2 class=\"premium-banner-ib-title premium_banner_title\">\n\t\t\t\t\t\tCHAIRS COLLECTION\t\t\t\t\t<\/h2>\n\t\t\t\t\n\t\t\t\t\t\t\t\t\t<div class=\"premium-banner-ib-content premium_banner_content\">\n\t\t\t\t\t\t<p><a href=\"https:\/\/sitform.rs\/en\/stolice\/\"><span style=\"text-decoration: underline;\">DISCOVER<\/span><\/a><\/p>\t\t\t\t\t<\/div>\n\t\t\t\t\n\t\t\t\t\n\t\t\t\t\t\t\t<\/div>\n\t\t\t\t\t<\/div>\n\n\t\t\t\t\t\t<\/div>\n\t\t\t\t<\/div>\n\t\t\t\t\t<\/div>\n\t\t<\/div>\n\t\t\t\t<div class=\"elementor-column elementor-col-25 elementor-top-column elementor-element elementor-element-bd1c77e\" data-id=\"bd1c77e\" data-element_type=\"column\" data-e-type=\"column\" data-settings=\"{&quot;background_background&quot;:&quot;classic&quot;,&quot;animation&quot;:&quot;none&quot;}\">\n\t\t\t<div class=\"elementor-widget-wrap elementor-element-populated\">\n\t\t\t\t\t<div class=\"elementor-background-overlay\"><\/div>\n\t\t\t\t\t\t<div data-ha-element-link=\"{&quot;url&quot;:&quot;https:\\\/\\\/sitform.rs\\\/sofe\\\/&quot;,&quot;is_external&quot;:&quot;&quot;,&quot;nofollow&quot;:&quot;&quot;}\" style=\"cursor: pointer\" class=\"elementor-element elementor-element-6baccba3 elementor-widget elementor-widget-premium-addon-banner\" data-id=\"6baccba3\" data-element_type=\"widget\" data-e-type=\"widget\" data-widget_type=\"premium-addon-banner.default\">\n\t\t\t\t<div class=\"elementor-widget-container\">\n\t\t\t\t\t\t\t<div class=\"premium-banner-ib premium-banner-min-height premium-banner-animation1 zoomin active premium-banner__effect-type2\">\n\t\t\t\t\t\t\t\t\t\t<img decoding=\"async\" width=\"1298\" height=\"835\" src=\"https:\/\/sitform.rs\/wp-content\/uploads\/2021\/11\/sofa-detail-2.jpg\" class=\"attachment-full size-full wp-image-968\" alt=\"\" srcset=\"https:\/\/sitform.rs\/wp-content\/uploads\/2021\/11\/sofa-detail-2.jpg 1298w, https:\/\/sitform.rs\/wp-content\/uploads\/2021\/11\/sofa-detail-2-300x193.jpg 300w, https:\/\/sitform.rs\/wp-content\/uploads\/2021\/11\/sofa-detail-2-1024x659.jpg 1024w, https:\/\/sitform.rs\/wp-content\/uploads\/2021\/11\/sofa-detail-2-768x494.jpg 768w, https:\/\/sitform.rs\/wp-content\/uploads\/2021\/11\/sofa-detail-2-920x592.jpg 920w, https:\/\/sitform.rs\/wp-content\/uploads\/2021\/11\/sofa-detail-2-230x148.jpg 230w, https:\/\/sitform.rs\/wp-content\/uploads\/2021\/11\/sofa-detail-2-350x225.jpg 350w, https:\/\/sitform.rs\/wp-content\/uploads\/2021\/11\/sofa-detail-2-480x309.jpg 480w\" sizes=\"(max-width: 1298px) 100vw, 1298px\" \/>\t\t\t\t\t\t\t\t\t<div class=\"premium-banner-ib-desc\">\n\t\t\t\t\n\t\t\t\t\t\t\t\t\t<h2 class=\"premium-banner-ib-title premium_banner_title\">\n\t\t\t\t\t\tSOFAS COLELCTION\t\t\t\t\t<\/h2>\n\t\t\t\t\n\t\t\t\t\t\t\t\t\t<div class=\"premium-banner-ib-content premium_banner_content\">\n\t\t\t\t\t\t<p><a href=\"https:\/\/sitform.rs\/en\/sofe\/\"><span style=\"text-decoration: underline;\">DISCOVER<\/span><\/a><\/p>\t\t\t\t\t<\/div>\n\t\t\t\t\n\t\t\t\t\n\t\t\t\t\t\t\t<\/div>\n\t\t\t\t\t<\/div>\n\n\t\t\t\t\t\t<\/div>\n\t\t\t\t<\/div>\n\t\t\t\t\t<\/div>\n\t\t<\/div>\n\t\t\t\t<div class=\"elementor-column elementor-col-25 elementor-top-column elementor-element elementor-element-6768075\" data-id=\"6768075\" data-element_type=\"column\" data-e-type=\"column\" data-settings=\"{&quot;background_background&quot;:&quot;classic&quot;,&quot;animation&quot;:&quot;none&quot;}\">\n\t\t\t<div class=\"elementor-widget-wrap elementor-element-populated\">\n\t\t\t\t\t<div class=\"elementor-background-overlay\"><\/div>\n\t\t\t\t\t\t<div data-ha-element-link=\"{&quot;url&quot;:&quot;https:\\\/\\\/sitform.rs\\\/stolovi\\\/&quot;,&quot;is_external&quot;:&quot;&quot;,&quot;nofollow&quot;:&quot;&quot;}\" style=\"cursor: pointer\" class=\"elementor-element elementor-element-716a4d3 elementor-widget elementor-widget-premium-addon-banner\" data-id=\"716a4d3\" data-element_type=\"widget\" data-e-type=\"widget\" data-widget_type=\"premium-addon-banner.default\">\n\t\t\t\t<div class=\"elementor-widget-container\">\n\t\t\t\t\t\t\t<div class=\"premium-banner-ib premium-banner-min-height premium-banner-animation1 zoomin active premium-banner__effect-type2\">\n\t\t\t\t\t\t\t\t\t\t<img decoding=\"async\" width=\"570\" height=\"507\" src=\"https:\/\/sitform.rs\/wp-content\/uploads\/2021\/11\/fly-orta-sehpa-3-e1637755160731.jpg\" class=\"attachment-full size-full wp-image-1200\" alt=\"Stolovi\" srcset=\"https:\/\/sitform.rs\/wp-content\/uploads\/2021\/11\/fly-orta-sehpa-3-e1637755160731.jpg 570w, https:\/\/sitform.rs\/wp-content\/uploads\/2021\/11\/fly-orta-sehpa-3-e1637755160731-300x267.jpg 300w, https:\/\/sitform.rs\/wp-content\/uploads\/2021\/11\/fly-orta-sehpa-3-e1637755160731-230x205.jpg 230w, https:\/\/sitform.rs\/wp-content\/uploads\/2021\/11\/fly-orta-sehpa-3-e1637755160731-350x311.jpg 350w, https:\/\/sitform.rs\/wp-content\/uploads\/2021\/11\/fly-orta-sehpa-3-e1637755160731-480x427.jpg 480w\" sizes=\"(max-width: 570px) 100vw, 570px\" \/>\t\t\t\t\t\t\t\t\t<div class=\"premium-banner-ib-desc\">\n\t\t\t\t\n\t\t\t\t\t\t\t\t\t<h2 class=\"premium-banner-ib-title premium_banner_title\">\n\t\t\t\t\t\tTABLES COLLECTION\t\t\t\t\t<\/h2>\n\t\t\t\t\n\t\t\t\t\t\t\t\t\t<div class=\"premium-banner-ib-content premium_banner_content\">\n\t\t\t\t\t\t<p><a href=\"https:\/\/sitform.rs\/en\/stolovi\/\"><span style=\"text-decoration: underline;\">DISCOVER<\/span><\/a><\/p>\t\t\t\t\t<\/div>\n\t\t\t\t\n\t\t\t\t\n\t\t\t\t\t\t\t<\/div>\n\t\t\t\t\t<\/div>\n\n\t\t\t\t\t\t<\/div>\n\t\t\t\t<\/div>\n\t\t\t\t\t<\/div>\n\t\t<\/div>\n\t\t\t\t<div class=\"elementor-column elementor-col-25 elementor-top-column elementor-element elementor-element-09bd3f6\" data-id=\"09bd3f6\" data-element_type=\"column\" data-e-type=\"column\" data-settings=\"{&quot;background_background&quot;:&quot;classic&quot;,&quot;animation&quot;:&quot;none&quot;}\">\n\t\t\t<div class=\"elementor-widget-wrap elementor-element-populated\">\n\t\t\t\t\t<div class=\"elementor-background-overlay\"><\/div>\n\t\t\t\t\t\t<div data-ha-element-link=\"{&quot;url&quot;:&quot;https:\\\/\\\/sitform.rs\\\/ofis-kolekcija\\\/&quot;,&quot;is_external&quot;:&quot;&quot;,&quot;nofollow&quot;:&quot;&quot;}\" style=\"cursor: pointer\" class=\"elementor-element elementor-element-9e2dc8b elementor-widget elementor-widget-premium-addon-banner\" data-id=\"9e2dc8b\" data-element_type=\"widget\" data-e-type=\"widget\" data-widget_type=\"premium-addon-banner.default\">\n\t\t\t\t<div class=\"elementor-widget-container\">\n\t\t\t\t\t\t\t<div class=\"premium-banner-ib premium-banner-min-height premium-banner-animation1 zoomin active premium-banner__effect-type2\">\n\t\t\t\t\t\t\t\t\t\t<img loading=\"lazy\" decoding=\"async\" width=\"1393\" height=\"1107\" src=\"https:\/\/sitform.rs\/wp-content\/uploads\/2021\/11\/lisa-123.png\" class=\"attachment-full size-full wp-image-1185\" alt=\"Name\u0161taj za javne i office prostore\" srcset=\"https:\/\/sitform.rs\/wp-content\/uploads\/2021\/11\/lisa-123.png 1393w, https:\/\/sitform.rs\/wp-content\/uploads\/2021\/11\/lisa-123-300x238.png 300w, https:\/\/sitform.rs\/wp-content\/uploads\/2021\/11\/lisa-123-1024x814.png 1024w, https:\/\/sitform.rs\/wp-content\/uploads\/2021\/11\/lisa-123-768x610.png 768w, https:\/\/sitform.rs\/wp-content\/uploads\/2021\/11\/lisa-123-920x731.png 920w, https:\/\/sitform.rs\/wp-content\/uploads\/2021\/11\/lisa-123-230x183.png 230w, https:\/\/sitform.rs\/wp-content\/uploads\/2021\/11\/lisa-123-350x278.png 350w, https:\/\/sitform.rs\/wp-content\/uploads\/2021\/11\/lisa-123-480x381.png 480w\" sizes=\"(max-width: 1393px) 100vw, 1393px\" \/>\t\t\t\t\t\t\t\t\t<div class=\"premium-banner-ib-desc\">\n\t\t\t\t\n\t\t\t\t\t\t\t\t\t<h2 class=\"premium-banner-ib-title premium_banner_title\">\n\t\t\t\t\t\tOFFICE COLLECTION\t\t\t\t\t<\/h2>\n\t\t\t\t\n\t\t\t\t\t\t\t\t\t<div class=\"premium-banner-ib-content premium_banner_content\">\n\t\t\t\t\t\t<p><a href=\"https:\/\/sitform.rs\/en\/ofis-kolekcija\/\"><span style=\"text-decoration: underline;\">DISCOVER<\/span><\/a><\/p>\t\t\t\t\t<\/div>\n\t\t\t\t\n\t\t\t\t\n\t\t\t\t\t\t\t<\/div>\n\t\t\t\t\t<\/div>\n\n\t\t\t\t\t\t<\/div>\n\t\t\t\t<\/div>\n\t\t\t\t\t<\/div>\n\t\t<\/div>\n\t\t\t\t\t<\/div>\n\t\t<\/section>\n\t\t\t\t<\/div>","protected":false},"excerpt":{"rendered":"<p>PROIZVODI SitForm prozvodi nude asortiman visoko kvalitetnog name\u0161taja koji mo\u017ee opremiti svaki tip prostora i zadovoljiti sve potrebe. KOLEKCIJA STOLICA ISTRA\u017dI KOLEKCIJA [&hellip;]<\/p>\n","protected":false},"author":1,"featured_media":2061,"parent":0,"menu_order":0,"comment_status":"closed","ping_status":"closed","template":"elementor_header_footer","meta":{"footnotes":""},"class_list":["post-2052","page","type-page","status-publish","has-post-thumbnail","hentry"],"_links":{"self":[{"href":"https:\/\/sitform.rs\/en\/wp-json\/wp\/v2\/pages\/2052","targetHints":{"allow":["GET"]}}],"collection":[{"href":"https:\/\/sitform.rs\/en\/wp-json\/wp\/v2\/pages"}],"about":[{"href":"https:\/\/sitform.rs\/en\/wp-json\/wp\/v2\/types\/page"}],"author":[{"embeddable":true,"href":"https:\/\/sitform.rs\/en\/wp-json\/wp\/v2\/users\/1"}],"replies":[{"embeddable":true,"href":"https:\/\/sitform.rs\/en\/wp-json\/wp\/v2\/comments?post=2052"}],"version-history":[{"count":7,"href":"https:\/\/sitform.rs\/en\/wp-json\/wp\/v2\/pages\/2052\/revisions"}],"predecessor-version":[{"id":16286,"href":"https:\/\/sitform.rs\/en\/wp-json\/wp\/v2\/pages\/2052\/revisions\/16286"}],"wp:featuredmedia":[{"embeddable":true,"href":"https:\/\/sitform.rs\/en\/wp-json\/wp\/v2\/media\/2061"}],"wp:attachment":[{"href":"https:\/\/sitform.rs\/en\/wp-json\/wp\/v2\/media?parent=2052"}],"curies":[{"name":"wp","href":"https:\/\/api.w.org\/{rel}","templated":true}]}}